{"id":829,"date":"2025-11-06T20:28:41","date_gmt":"2025-11-06T20:28:41","guid":{"rendered":"https:\/\/codevisa.org\/?page_id=829"},"modified":"2026-02-04T20:45:01","modified_gmt":"2026-02-04T20:45:01","slug":"contacto","status":"publish","type":"page","link":"https:\/\/codevisa.org\/en\/contacto\/","title":{"rendered":"Contact Us"},"content":{"rendered":"<div data-elementor-type=\"wp-page\" data-elementor-id=\"829\" class=\"elementor elementor-829\" data-elementor-settings=\"{&quot;ha_cmc_init_switcher&quot;:&quot;no&quot;}\">\n\t\t\t\t<div class=\"elementor-element elementor-element-708c948 e-flex e-con-boxed e-con e-parent\" data-id=\"708c948\" data-element_type=\"container\" data-settings=\"{&quot;jet_parallax_layout_list&quot;:[],&quot;_ha_eqh_enable&quot;:false}\">\n\t\t\t\t\t<div class=\"e-con-inner\">\n\t\t<div class=\"elementor-element elementor-element-29cfb41 e-con-full e-flex e-con e-child\" data-id=\"29cfb41\" data-element_type=\"container\" data-settings=\"{&quot;jet_parallax_layout_list&quot;:[],&quot;_ha_eqh_enable&quot;:false}\">\n\t\t<div class=\"elementor-element elementor-element-00cbf8b e-con-full e-flex e-con e-child\" data-id=\"00cbf8b\" data-element_type=\"container\" data-settings=\"{&quot;jet_parallax_layout_list&quot;:[],&quot;_ha_eqh_enable&quot;:false}\">\n\t\t<div class=\"elementor-element elementor-element-8bdd5f4 e-con-full e-flex e-con e-child\" data-id=\"8bdd5f4\" data-element_type=\"container\" data-settings=\"{&quot;jet_parallax_layout_list&quot;:[],&quot;_ha_eqh_enable&quot;:false}\">\n\t\t\t\t<\/div>\n\t\t<div class=\"elementor-element elementor-element-43da6d9 e-con-full e-flex e-con e-child\" data-id=\"43da6d9\" data-element_type=\"container\" data-settings=\"{&quot;jet_parallax_layout_list&quot;:[],&quot;_ha_eqh_enable&quot;:false}\">\n\t\t\t\t<div class=\"elementor-element elementor-element-ccade20 elementor-widget elementor-widget-heading\" data-id=\"ccade20\" data-element_type=\"widget\" data-widget_type=\"heading.default\">\n\t\t\t\t<div class=\"elementor-widget-container\">\n\t\t\t\t\t<h2 class=\"elementor-heading-title elementor-size-default\">Contact Us<\/h2>\t\t\t\t<\/div>\n\t\t\t\t<\/div>\n\t\t\t\t<div class=\"elementor-element elementor-element-27cc4b5 elementor-widget elementor-widget-text-editor\" data-id=\"27cc4b5\" data-element_type=\"widget\" data-widget_type=\"text-editor.default\">\n\t\t\t\t<div class=\"elementor-widget-container translation-block\">Do you have questions, want to collaborate, or support our mission? We are here to help you.<\/div>\n\t\t\t\t<\/div>\n\t\t\t\t<\/div>\n\t\t<div class=\"elementor-element elementor-element-cea35a4 e-con-full e-flex e-con e-child\" data-id=\"cea35a4\" data-element_type=\"container\" data-settings=\"{&quot;jet_parallax_layout_list&quot;:[],&quot;_ha_eqh_enable&quot;:false}\">\n\t\t\t\t<\/div>\n\t\t\t\t<\/div>\n\t\t<div class=\"elementor-element elementor-element-aa466c8 e-con-full e-flex e-con e-child\" data-id=\"aa466c8\" data-element_type=\"container\" data-settings=\"{&quot;jet_parallax_layout_list&quot;:[],&quot;_ha_eqh_enable&quot;:false}\">\n\t\t<div class=\"elementor-element elementor-element-87fba3c e-con-full e-flex e-con e-child\" data-id=\"87fba3c\" data-element_type=\"container\" data-settings=\"{&quot;jet_parallax_layout_list&quot;:[],&quot;_ha_eqh_enable&quot;:false}\">\n\t\t\t\t<div class=\"elementor-element elementor-element-046c2c5 ha-infobox-media-dir-top elementor-widget elementor-widget-ha-infobox happy-addon ha-infobox\" data-id=\"046c2c5\" data-element_type=\"widget\" data-widget_type=\"ha-infobox.default\">\n\t\t\t\t<div class=\"elementor-widget-container\">\n\t\t\t\t\t\n\t\t\t\t\t<figure class=\"ha-infobox-figure ha-infobox-figure--icon\">\n\t\t\t\t<i class=\"hm hm-home\"><\/i>\t\t\t<\/figure>\n\t\t\n\t\t<div class=\"ha-infobox-body\">\n\t\t\t<h2 class=\"ha-infobox-title\">Address<\/h2>\n\t\t\t\t\t\t\t<div class=\"ha-infobox-text\">\n\t\t\t\t\t<p>Second Floor, Covadonga Parking, Calle Juan Antonio Corretjer, Old San Juan, Puerto Rico<\/p>\n\t\t\t\t<\/div>\n\t\t\t\n\t\t\t\t\t<\/div>\n\t\t\t\t\t\t<\/div>\n\t\t\t\t<\/div>\n\t\t\t\t<\/div>\n\t\t<div class=\"elementor-element elementor-element-dadf0eb e-con-full e-flex e-con e-child\" data-id=\"dadf0eb\" data-element_type=\"container\" data-settings=\"{&quot;jet_parallax_layout_list&quot;:[],&quot;_ha_eqh_enable&quot;:false}\">\n\t\t\t\t<div class=\"elementor-element elementor-element-b670fad ha-infobox-media-dir-top elementor-widget elementor-widget-ha-infobox happy-addon ha-infobox\" data-id=\"b670fad\" data-element_type=\"widget\" data-widget_type=\"ha-infobox.default\">\n\t\t\t\t<div class=\"elementor-widget-container\">\n\t\t\t\t\t\n\t\t\t\t\t<figure class=\"ha-infobox-figure ha-infobox-figure--icon\">\n\t\t\t\t<i class=\"hm hm-envelop2\"><\/i>\t\t\t<\/figure>\n\t\t\n\t\t<div class=\"ha-infobox-body\">\n\t\t\t<h2 class=\"ha-infobox-title\">Email<\/h2>\n\t\t\t\t\t\t\t<div class=\"ha-infobox-text\">\n\t\t\t\t\t<p><a style=\"color: #8C8C8C\" href=\"mailto:admin@codevisa.org\">admin@codevisa.org<\/a><\/p>\n\t\t\t\t<\/div>\n\t\t\t\n\t\t\t\t\t<\/div>\n\t\t\t\t\t\t<\/div>\n\t\t\t\t<\/div>\n\t\t\t\t<\/div>\n\t\t<div class=\"elementor-element elementor-element-39526ca e-con-full e-flex e-con e-child\" data-id=\"39526ca\" data-element_type=\"container\" data-settings=\"{&quot;jet_parallax_layout_list&quot;:[],&quot;_ha_eqh_enable&quot;:false}\">\n\t\t\t\t<div class=\"elementor-element elementor-element-e9ac7cc ha-infobox-media-dir-top elementor-widget elementor-widget-ha-infobox happy-addon ha-infobox\" data-id=\"e9ac7cc\" data-element_type=\"widget\" data-widget_type=\"ha-infobox.default\">\n\t\t\t\t<div class=\"elementor-widget-container\">\n\t\t\t\t\t\n\t\t\t\t\t<figure class=\"ha-infobox-figure ha-infobox-figure--icon\">\n\t\t\t\t<i class=\"hm hm-chat-bubble\"><\/i>\t\t\t<\/figure>\n\t\t\n\t\t<div class=\"ha-infobox-body\">\n\t\t\t<h2 class=\"ha-infobox-title\">Phone Number<\/h2>\n\t\t\t\t\t\t\t<div class=\"ha-infobox-text\">\n\t\t\t\t\t<p><a style=\"color: #8C8C8C\" href=\"tel:787-723-7080\">787-723-7080<\/a><\/p>\n\t\t\t\t<\/div>\n\t\t\t\n\t\t\t\t\t<\/div>\n\t\t\t\t\t\t<\/div>\n\t\t\t\t<\/div>\n\t\t\t\t<\/div>\n\t\t\t\t<\/div>\n\t\t<div class=\"elementor-element elementor-element-b6b0fcc e-con-full e-flex e-con e-child\" data-id=\"b6b0fcc\" data-element_type=\"container\" data-settings=\"{&quot;jet_parallax_layout_list&quot;:[],&quot;_ha_eqh_enable&quot;:false}\">\n\t\t<div class=\"elementor-element elementor-element-2e36f32 e-con-full e-flex e-con e-child\" data-id=\"2e36f32\" data-element_type=\"container\" data-settings=\"{&quot;jet_parallax_layout_list&quot;:[],&quot;_ha_eqh_enable&quot;:false}\">\n\t\t\t\t<div class=\"elementor-element elementor-element-6c090dd elementor-widget elementor-widget-google_maps\" data-id=\"6c090dd\" data-element_type=\"widget\" data-widget_type=\"google_maps.default\">\n\t\t\t\t<div class=\"elementor-widget-container\">\n\t\t\t\t\t\t\t<div class=\"elementor-custom-embed\">\n\t\t\t<iframe loading=\"lazy\"\n\t\t\t\t\tsrc=\"https:\/\/maps.google.com\/maps?q=CODEVISA&#038;t=m&#038;z=16&#038;output=embed&#038;iwloc=near\"\n\t\t\t\t\ttitle=\"CODEVISA\"\n\t\t\t\t\taria-label=\"CODEVISA\"\n\t\t\t><\/iframe>\n\t\t<\/div>\n\t\t\t\t\t\t<\/div>\n\t\t\t\t<\/div>\n\t\t\t\t<\/div>\n\t\t<div class=\"elementor-element elementor-element-0a0f778 e-con-full e-flex e-con e-child\" data-id=\"0a0f778\" data-element_type=\"container\" data-settings=\"{&quot;background_background&quot;:&quot;classic&quot;,&quot;jet_parallax_layout_list&quot;:[],&quot;_ha_eqh_enable&quot;:false}\">\n\t\t\t\t<div class=\"elementor-element elementor-element-ec91d94 elementor-widget elementor-widget-heading\" data-id=\"ec91d94\" data-element_type=\"widget\" data-widget_type=\"heading.default\">\n\t\t\t\t<div class=\"elementor-widget-container\">\n\t\t\t\t\t<h2 class=\"elementor-heading-title elementor-size-default\">Send Us a Message<\/h2>\t\t\t\t<\/div>\n\t\t\t\t<\/div>\n\t\t\t\t<div class=\"elementor-element elementor-element-c13c0f2 elementor-widget elementor-widget-ha-wpform happy-addon ha-wpform\" data-id=\"c13c0f2\" data-element_type=\"widget\" data-widget_type=\"ha-wpform.default\">\n\t\t\t\t<div class=\"elementor-widget-container\">\n\t\t\t\t\t<style id=\"wpforms-css-vars-38\">\n\t\t\t\t#wpforms-38 {\n\t\t\t\t--wpforms-field-size-input-height: 43px;\n--wpforms-field-size-input-spacing: 15px;\n--wpforms-field-size-font-size: 16px;\n--wpforms-field-size-line-height: 19px;\n--wpforms-field-size-padding-h: 14px;\n--wpforms-field-size-checkbox-size: 16px;\n--wpforms-field-size-sublabel-spacing: 5px;\n--wpforms-field-size-icon-size: 1;\n--wpforms-label-size-font-size: 16px;\n--wpforms-label-size-line-height: 19px;\n--wpforms-label-size-sublabel-font-size: 14px;\n--wpforms-label-size-sublabel-line-height: 17px;\n--wpforms-button-size-font-size: 17px;\n--wpforms-button-size-height: 41px;\n--wpforms-button-size-padding-h: 15px;\n--wpforms-button-size-margin-top: 10px;\n--wpforms-container-shadow-size-box-shadow: none;\n\t\t\t}\n\t\t\t<\/style><div class=\"wpforms-container wpforms-container-full wpforms-render-modern\" id=\"wpforms-38\"><form id=\"wpforms-form-38\" class=\"wpforms-validate wpforms-form wpforms-ajax-form\" data-formid=\"38\" method=\"post\" enctype=\"multipart\/form-data\" action=\"\/en\/wp-json\/wp\/v2\/pages\/829\" data-token=\"e88727e661701c701c31192cb7acbce0\" data-token-time=\"1777385015\" data-trp-original-action=\"\/en\/wp-json\/wp\/v2\/pages\/829\"><noscript class=\"wpforms-error-noscript\">Please enable JavaScript in your browser to complete this form.<\/noscript><div id=\"wpforms-error-noscript\" style=\"display: none;\">Please enable JavaScript in your browser to complete this form.<\/div><div class=\"wpforms-field-container\"><div id=\"wpforms-38-field_4-container\" class=\"wpforms-field wpforms-field-layout\" data-field-id=\"4\"><div class=\"wpforms-field-layout-columns wpforms-field-layout-preset-50-50\"><div class=\"wpforms-layout-column wpforms-layout-column-50\" ><div id=\"wpforms-38-field_0-container\" class=\"wpforms-field wpforms-field-name\" data-field-id=\"0\"><label class=\"wpforms-field-label\" for=\"wpforms-38-field_0\">Name <span class=\"wpforms-required-label\" aria-hidden=\"true\">*<\/span><\/label><input type=\"text\" id=\"wpforms-38-field_0\" class=\"wpforms-field-large wpforms-field-required\" name=\"wpforms[fields][0]\" aria-errormessage=\"wpforms-38-field_0-error\" required><\/div><div id=\"wpforms-38-field_1-container\" class=\"wpforms-field wpforms-field-email\" data-field-id=\"1\"><label class=\"wpforms-field-label\" for=\"wpforms-38-field_1\">Email <span class=\"wpforms-required-label\" aria-hidden=\"true\">*<\/span><\/label><input type=\"email\" id=\"wpforms-38-field_1\" class=\"wpforms-field-large wpforms-field-required\" name=\"wpforms[fields][1]\" spellcheck=\"false\" aria-errormessage=\"wpforms-38-field_1-error\" required><\/div><\/div><div class=\"wpforms-layout-column wpforms-layout-column-50\" ><div id=\"wpforms-38-field_6-container\" class=\"wpforms-field wpforms-field-text\" data-field-id=\"6\"><label class=\"wpforms-field-label\" for=\"wpforms-38-field_6\">Last Name <span class=\"wpforms-required-label\" aria-hidden=\"true\">*<\/span><\/label><input type=\"text\" id=\"wpforms-38-field_6\" class=\"wpforms-field-medium wpforms-field-required\" name=\"wpforms[fields][6]\" aria-errormessage=\"wpforms-38-field_6-error\" required><\/div><div id=\"wpforms-38-field_3-container\" class=\"wpforms-field wpforms-field-phone\" data-field-id=\"3\"><label class=\"wpforms-field-label\" for=\"wpforms-38-field_3\">Phone Number<\/label><input type=\"tel\" id=\"wpforms-38-field_3\" class=\"wpforms-field-large\" data-rule-int-phone-field=\"true\" name=\"wpforms[fields][3]\" aria-label=\"Phone Number\" aria-errormessage=\"wpforms-38-field_3-error\" ><\/div><\/div><\/div><\/div><div id=\"wpforms-38-field_2-container\" class=\"wpforms-field wpforms-field-textarea\" data-field-id=\"2\"><label class=\"wpforms-field-label\" for=\"wpforms-38-field_2\">Send Us a Message<\/label><textarea id=\"wpforms-38-field_2\" class=\"wpforms-field-medium\" name=\"wpforms[fields][2]\" aria-errormessage=\"wpforms-38-field_2-error\" ><\/textarea><\/div><\/div><!-- .wpforms-field-container --><div class=\"wpforms-submit-container\" ><input type=\"hidden\" name=\"wpforms[id]\" value=\"38\"><input type=\"hidden\" name=\"page_title\" value=\"\"><input type=\"hidden\" name=\"page_url\" value=\"https:\/\/codevisa.org\/en\/wp-json\/wp\/v2\/pages\/829\"><input type=\"hidden\" name=\"url_referer\" value=\"\"><button type=\"submit\" name=\"wpforms[submit]\" id=\"wpforms-submit-38\" class=\"wpforms-submit\" data-alt-text=\"Enviando...\" data-submit-text=\"Enviar\" aria-live=\"assertive\" value=\"wpforms-submit\">Send<\/button><img decoding=\"async\" src=\"https:\/\/codevisa.org\/wp-content\/plugins\/wpforms\/assets\/images\/submit-spin.svg\" class=\"wpforms-submit-spinner\" style=\"display: none;\" width=\"26\" height=\"26\" alt=\"Loading\"><\/div><input type=\"hidden\" name=\"trp-form-language\" value=\"en\"\/><\/form><\/div>  <!-- .wpforms-container -->\t\t\t\t<\/div>\n\t\t\t\t<\/div>\n\t\t\t\t<\/div>\n\t\t\t\t<\/div>\n\t\t\t\t<\/div>\n\t\t\t\t\t<\/div>\n\t\t\t\t<\/div>\n\t\t\t\t<\/div>","protected":false},"excerpt":{"rendered":"<p>Cont\u00e1ctanos \u00bfTienes preguntas, deseas colaborar o apoyar nuestra misi\u00f3n? Estamos aqu\u00ed para ayudarte. Direcci\u00f3n Segundo Piso, Estacionamiento Covadonga, Calle Juan Antonio Corretjer, Viejo San Juan Puerto Rico Email admin@codevisa.org Tel\u00e9fono 787-723-7080 Env\u00edanos un mensaje Please enable JavaScript in your browser to complete this form.Please enable JavaScript in your browser to complete this form.Nombre *Email *Apellido [&hellip;]<\/p>","protected":false},"author":1,"featured_media":0,"parent":0,"menu_order":0,"comment_status":"closed","ping_status":"closed","template":"elementor_header_footer","meta":{"_joinchat":[],"footnotes":""},"class_list":["post-829","page","type-page","status-publish","hentry"],"yoast_head":"<!-- This site is optimized with the Yoast SEO plugin v26.5 - https:\/\/yoast.com\/wordpress\/plugins\/seo\/ -->\n<title>Desarrollo Empresarial y Cultural | Codevisa Inc. | San Juan | PR<\/title>\n<meta name=\"description\" content=\"Somos la Corporaci\u00f3n para el Desarrollo Empresarial y Cultural de la Isleta de San Juan, CD, m\u00e1s conocida como CODEVISA.\" \/>\n<meta name=\"robots\" content=\"index, follow, max-snippet:-1, max-image-preview:large, max-video-preview:-1\" \/>\n<link rel=\"canonical\" href=\"https:\/\/codevisa.org\/en\/contacto\/\" \/>\n<meta property=\"og:locale\" content=\"en_US\" \/>\n<meta property=\"og:type\" content=\"article\" \/>\n<meta property=\"og:title\" content=\"Desarrollo Empresarial y Cultural | Codevisa Inc. | San Juan | PR\" \/>\n<meta property=\"og:description\" content=\"Somos la Corporaci\u00f3n para el Desarrollo Empresarial y Cultural de la Isleta de San Juan, CD, m\u00e1s conocida como CODEVISA.\" \/>\n<meta property=\"og:url\" content=\"https:\/\/codevisa.org\/en\/contacto\/\" \/>\n<meta property=\"og:site_name\" content=\"Codevisa Inc.\" \/>\n<meta property=\"article:publisher\" content=\"https:\/\/www.facebook.com\/codevisa\/\" \/>\n<meta property=\"article:modified_time\" content=\"2026-02-04T20:45:01+00:00\" \/>\n<meta property=\"og:image\" content=\"https:\/\/codevisa.org\/wp-content\/plugins\/wpforms\/assets\/images\/submit-spin.svg\" \/>\n<meta name=\"twitter:card\" content=\"summary_large_image\" \/>\n<meta name=\"twitter:label1\" content=\"Est. reading time\" \/>\n\t<meta name=\"twitter:data1\" content=\"1 minute\" \/>\n<script type=\"application\/ld+json\" class=\"yoast-schema-graph\">{\"@context\":\"https:\/\/schema.org\",\"@graph\":[{\"@type\":\"WebPage\",\"@id\":\"https:\/\/codevisa.org\/contacto\/\",\"url\":\"https:\/\/codevisa.org\/contacto\/\",\"name\":\"Desarrollo Empresarial y Cultural | Codevisa Inc. | San Juan | PR\",\"isPartOf\":{\"@id\":\"https:\/\/codevisa.org\/#website\"},\"primaryImageOfPage\":{\"@id\":\"https:\/\/codevisa.org\/contacto\/#primaryimage\"},\"image\":{\"@id\":\"https:\/\/codevisa.org\/contacto\/#primaryimage\"},\"thumbnailUrl\":\"https:\/\/codevisa.org\/wp-content\/plugins\/wpforms\/assets\/images\/submit-spin.svg\",\"datePublished\":\"2025-11-06T20:28:41+00:00\",\"dateModified\":\"2026-02-04T20:45:01+00:00\",\"description\":\"Somos la Corporaci\u00f3n para el Desarrollo Empresarial y Cultural de la Isleta de San Juan, CD, m\u00e1s conocida como CODEVISA.\",\"breadcrumb\":{\"@id\":\"https:\/\/codevisa.org\/contacto\/#breadcrumb\"},\"inLanguage\":\"en-US\",\"potentialAction\":[{\"@type\":\"ReadAction\",\"target\":[\"https:\/\/codevisa.org\/contacto\/\"]}]},{\"@type\":\"ImageObject\",\"inLanguage\":\"en-US\",\"@id\":\"https:\/\/codevisa.org\/contacto\/#primaryimage\",\"url\":\"https:\/\/codevisa.org\/wp-content\/plugins\/wpforms\/assets\/images\/submit-spin.svg\",\"contentUrl\":\"https:\/\/codevisa.org\/wp-content\/plugins\/wpforms\/assets\/images\/submit-spin.svg\"},{\"@type\":\"BreadcrumbList\",\"@id\":\"https:\/\/codevisa.org\/contacto\/#breadcrumb\",\"itemListElement\":[{\"@type\":\"ListItem\",\"position\":1,\"name\":\"Home\",\"item\":\"https:\/\/codevisa.org\/\"},{\"@type\":\"ListItem\",\"position\":2,\"name\":\"Contacto\"}]},{\"@type\":\"WebSite\",\"@id\":\"https:\/\/codevisa.org\/#website\",\"url\":\"https:\/\/codevisa.org\/\",\"name\":\"Codevisa Inc.\",\"description\":\"Desarrollo Empresarial y Cultural\",\"publisher\":{\"@id\":\"https:\/\/codevisa.org\/#organization\"},\"potentialAction\":[{\"@type\":\"SearchAction\",\"target\":{\"@type\":\"EntryPoint\",\"urlTemplate\":\"https:\/\/codevisa.org\/?s={search_term_string}\"},\"query-input\":{\"@type\":\"PropertyValueSpecification\",\"valueRequired\":true,\"valueName\":\"search_term_string\"}}],\"inLanguage\":\"en-US\"},{\"@type\":\"Organization\",\"@id\":\"https:\/\/codevisa.org\/#organization\",\"name\":\"Codevisa Inc.\",\"url\":\"https:\/\/codevisa.org\/\",\"logo\":{\"@type\":\"ImageObject\",\"inLanguage\":\"en-US\",\"@id\":\"https:\/\/codevisa.org\/#\/schema\/logo\/image\/\",\"url\":\"https:\/\/codevisa.org\/wp-content\/uploads\/2023\/11\/logo-2.png\",\"contentUrl\":\"https:\/\/codevisa.org\/wp-content\/uploads\/2023\/11\/logo-2.png\",\"width\":396,\"height\":346,\"caption\":\"Codevisa Inc.\"},\"image\":{\"@id\":\"https:\/\/codevisa.org\/#\/schema\/logo\/image\/\"},\"sameAs\":[\"https:\/\/www.facebook.com\/codevisa\/\"]}]}<\/script>\n<!-- \/ Yoast SEO plugin. -->","yoast_head_json":{"title":"Desarrollo Empresarial y Cultural | Codevisa Inc. | San Juan | PR","description":"Somos la Corporaci\u00f3n para el Desarrollo Empresarial y Cultural de la Isleta de San Juan, CD, m\u00e1s conocida como CODEVISA.","robots":{"index":"index","follow":"follow","max-snippet":"max-snippet:-1","max-image-preview":"max-image-preview:large","max-video-preview":"max-video-preview:-1"},"canonical":"https:\/\/codevisa.org\/en\/contacto\/","og_locale":"en_US","og_type":"article","og_title":"Desarrollo Empresarial y Cultural | Codevisa Inc. | San Juan | PR","og_description":"Somos la Corporaci\u00f3n para el Desarrollo Empresarial y Cultural de la Isleta de San Juan, CD, m\u00e1s conocida como CODEVISA.","og_url":"https:\/\/codevisa.org\/en\/contacto\/","og_site_name":"Codevisa Inc.","article_publisher":"https:\/\/www.facebook.com\/codevisa\/","article_modified_time":"2026-02-04T20:45:01+00:00","og_image":[{"url":"https:\/\/codevisa.org\/wp-content\/plugins\/wpforms\/assets\/images\/submit-spin.svg","type":"","width":"","height":""}],"twitter_card":"summary_large_image","twitter_misc":{"Est. reading time":"1 minute"},"schema":{"@context":"https:\/\/schema.org","@graph":[{"@type":"WebPage","@id":"https:\/\/codevisa.org\/contacto\/","url":"https:\/\/codevisa.org\/contacto\/","name":"Desarrollo Empresarial y Cultural | Codevisa Inc. | San Juan | PR","isPartOf":{"@id":"https:\/\/codevisa.org\/#website"},"primaryImageOfPage":{"@id":"https:\/\/codevisa.org\/contacto\/#primaryimage"},"image":{"@id":"https:\/\/codevisa.org\/contacto\/#primaryimage"},"thumbnailUrl":"https:\/\/codevisa.org\/wp-content\/plugins\/wpforms\/assets\/images\/submit-spin.svg","datePublished":"2025-11-06T20:28:41+00:00","dateModified":"2026-02-04T20:45:01+00:00","description":"Somos la Corporaci\u00f3n para el Desarrollo Empresarial y Cultural de la Isleta de San Juan, CD, m\u00e1s conocida como CODEVISA.","breadcrumb":{"@id":"https:\/\/codevisa.org\/contacto\/#breadcrumb"},"inLanguage":"en-US","potentialAction":[{"@type":"ReadAction","target":["https:\/\/codevisa.org\/contacto\/"]}]},{"@type":"ImageObject","inLanguage":"en-US","@id":"https:\/\/codevisa.org\/contacto\/#primaryimage","url":"https:\/\/codevisa.org\/wp-content\/plugins\/wpforms\/assets\/images\/submit-spin.svg","contentUrl":"https:\/\/codevisa.org\/wp-content\/plugins\/wpforms\/assets\/images\/submit-spin.svg"},{"@type":"BreadcrumbList","@id":"https:\/\/codevisa.org\/contacto\/#breadcrumb","itemListElement":[{"@type":"ListItem","position":1,"name":"Home","item":"https:\/\/codevisa.org\/"},{"@type":"ListItem","position":2,"name":"Contacto"}]},{"@type":"WebSite","@id":"https:\/\/codevisa.org\/#website","url":"https:\/\/codevisa.org\/","name":"Codevisa Inc.","description":"Desarrollo Empresarial y Cultural","publisher":{"@id":"https:\/\/codevisa.org\/#organization"},"potentialAction":[{"@type":"SearchAction","target":{"@type":"EntryPoint","urlTemplate":"https:\/\/codevisa.org\/?s={search_term_string}"},"query-input":{"@type":"PropertyValueSpecification","valueRequired":true,"valueName":"search_term_string"}}],"inLanguage":"en-US"},{"@type":"Organization","@id":"https:\/\/codevisa.org\/#organization","name":"Codevisa Inc.","url":"https:\/\/codevisa.org\/","logo":{"@type":"ImageObject","inLanguage":"en-US","@id":"https:\/\/codevisa.org\/#\/schema\/logo\/image\/","url":"https:\/\/codevisa.org\/wp-content\/uploads\/2023\/11\/logo-2.png","contentUrl":"https:\/\/codevisa.org\/wp-content\/uploads\/2023\/11\/logo-2.png","width":396,"height":346,"caption":"Codevisa Inc."},"image":{"@id":"https:\/\/codevisa.org\/#\/schema\/logo\/image\/"},"sameAs":["https:\/\/www.facebook.com\/codevisa\/"]}]}},"_links":{"self":[{"href":"https:\/\/codevisa.org\/en\/wp-json\/wp\/v2\/pages\/829","targetHints":{"allow":["GET"]}}],"collection":[{"href":"https:\/\/codevisa.org\/en\/wp-json\/wp\/v2\/pages"}],"about":[{"href":"https:\/\/codevisa.org\/en\/wp-json\/wp\/v2\/types\/page"}],"author":[{"embeddable":true,"href":"https:\/\/codevisa.org\/en\/wp-json\/wp\/v2\/users\/1"}],"replies":[{"embeddable":true,"href":"https:\/\/codevisa.org\/en\/wp-json\/wp\/v2\/comments?post=829"}],"version-history":[{"count":61,"href":"https:\/\/codevisa.org\/en\/wp-json\/wp\/v2\/pages\/829\/revisions"}],"predecessor-version":[{"id":1227,"href":"https:\/\/codevisa.org\/en\/wp-json\/wp\/v2\/pages\/829\/revisions\/1227"}],"wp:attachment":[{"href":"https:\/\/codevisa.org\/en\/wp-json\/wp\/v2\/media?parent=829"}],"curies":[{"name":"wp","href":"https:\/\/api.w.org\/{rel}","templated":true}]}}